{"id":1006,"date":"2020-05-18T18:19:14","date_gmt":"2020-05-18T16:19:14","guid":{"rendered":"http:\/\/185.87.187.245\/~turboactiv\/?page_id=1006"},"modified":"2021-01-09T10:17:13","modified_gmt":"2021-01-09T09:17:13","slug":"vertikalni-balansirani-strojevi-za-alate-i-drzace-alata","status":"publish","type":"page","link":"https:\/\/turboactiv.ba\/?page_id=1006","title":{"rendered":"Vertikalni balansirani strojevi za alate i dr\u017ea\u010de alata"},"content":{"rendered":"\t\t<div data-elementor-type=\"wp-page\" data-elementor-id=\"1006\" class=\"elementor elementor-1006\" data-elementor-post-type=\"page\">\n\t\t\t\t\t\t<section class=\"elementor-section elementor-top-section elementor-element elementor-element-c2d1a99 elementor-section-full_width elementor-section-height-default elementor-section-height-default\" data-id=\"c2d1a99\" data-element_type=\"section\" data-e-type=\"section\">\n\t\t\t\t\t\t<div class=\"elementor-container elementor-column-gap-default\">\n\t\t\t\t\t<div class=\"elementor-column elementor-col-50 elementor-top-column elementor-element elementor-element-53e8f59\" data-id=\"53e8f59\" data-element_type=\"column\" data-e-type=\"column\">\n\t\t\t<div class=\"elementor-widget-wrap elementor-element-populated\">\n\t\t\t\t\t\t<div class=\"elementor-element elementor-element-f3e2c8c elementor-skin-slideshow elementor-arrows-yes elementor-widget elementor-widget-media-carousel\" data-id=\"f3e2c8c\" data-element_type=\"widget\" data-e-type=\"widget\" data-settings=\"{&quot;skin&quot;:&quot;slideshow&quot;,&quot;effect&quot;:&quot;slide&quot;,&quot;show_arrows&quot;:&quot;yes&quot;,&quot;speed&quot;:500,&quot;autoplay&quot;:&quot;yes&quot;,&quot;autoplay_speed&quot;:5000,&quot;loop&quot;:&quot;yes&quot;,&quot;pause_on_hover&quot;:&quot;yes&quot;,&quot;pause_on_interaction&quot;:&quot;yes&quot;,&quot;space_between&quot;:{&quot;unit&quot;:&quot;px&quot;,&quot;size&quot;:10,&quot;sizes&quot;:[]},&quot;space_between_tablet&quot;:{&quot;unit&quot;:&quot;px&quot;,&quot;size&quot;:10,&quot;sizes&quot;:[]},&quot;space_between_mobile&quot;:{&quot;unit&quot;:&quot;px&quot;,&quot;size&quot;:10,&quot;sizes&quot;:[]}}\" data-widget_type=\"media-carousel.default\">\n\t\t\t\t<div class=\"elementor-widget-container\">\n\t\t\t\t\t\t\t\t\t<div class=\"elementor-swiper\">\n\t\t\t\t\t<div class=\"elementor-main-swiper swiper\" role=\"region\" aria-roledescription=\"carousel\" aria-label=\"Slides\">\n\t\t\t\t<div class=\"swiper-wrapper\">\n\t\t\t\t\t\t\t\t\t\t\t<div class=\"swiper-slide\" role=\"group\" aria-roledescription=\"slide\">\n\t\t\t\t\t\t\t\t\t<div class=\"elementor-carousel-image\" role=\"img\" aria-label=\"balancing-machine-with-automatic-mass-correction-506x345\" style=\"background-image: url(&#039;https:\/\/turboactiv.ba\/wp-content\/uploads\/2020\/05\/balancing-machine-with-automatic-mass-correction-506x345-1.png&#039;)\">\n\n\t\t\t\n\t\t\t\t\t<\/div>\n\t\t\t\t\t\t\t\t<\/div>\n\t\t\t\t\t\t\t\t\t\t\t<div class=\"swiper-slide\" role=\"group\" aria-roledescription=\"slide\">\n\t\t\t\t\t\t\t\t\t<div class=\"elementor-carousel-image\" role=\"img\" aria-label=\"balancing-machines-for-tools-and-tool-holders-1-551x345\" style=\"background-image: url(&#039;https:\/\/turboactiv.ba\/wp-content\/uploads\/2020\/05\/balancing-machines-for-tools-and-tool-holders-1-551x345-1.jpg&#039;)\">\n\n\t\t\t\n\t\t\t\t\t<\/div>\n\t\t\t\t\t\t\t\t<\/div>\n\t\t\t\t\t\t\t\t\t\t\t<div class=\"swiper-slide\" role=\"group\" aria-roledescription=\"slide\">\n\t\t\t\t\t\t\t\t\t<div class=\"elementor-carousel-image\" role=\"img\" aria-label=\"balancing-machines-for-tools-and-tool-holders-2-551x345\" style=\"background-image: url(&#039;https:\/\/turboactiv.ba\/wp-content\/uploads\/2020\/05\/balancing-machines-for-tools-and-tool-holders-2-551x345-1.jpg&#039;)\">\n\n\t\t\t\n\t\t\t\t\t<\/div>\n\t\t\t\t\t\t\t\t<\/div>\n\t\t\t\t\t\t\t\t\t\t\t<div class=\"swiper-slide\" role=\"group\" aria-roledescription=\"slide\">\n\t\t\t\t\t\t\t\t\t<div class=\"elementor-carousel-image\" role=\"img\" aria-label=\"balancing-machines-for-tools-and-tool-holders-3-551x345\" style=\"background-image: url(&#039;https:\/\/turboactiv.ba\/wp-content\/uploads\/2020\/05\/balancing-machines-for-tools-and-tool-holders-3-551x345-1.jpg&#039;)\">\n\n\t\t\t\n\t\t\t\t\t<\/div>\n\t\t\t\t\t\t\t\t<\/div>\n\t\t\t\t\t\t\t\t\t\t\t<div class=\"swiper-slide\" role=\"group\" aria-roledescription=\"slide\">\n\t\t\t\t\t\t\t\t\t<div class=\"elementor-carousel-image\" role=\"img\" aria-label=\"kepa-350_0-518x345\" style=\"background-image: url(&#039;https:\/\/turboactiv.ba\/wp-content\/uploads\/2020\/05\/kepa-350_0-518x345-1.jpg&#039;)\">\n\n\t\t\t\n\t\t\t\t\t<\/div>\n\t\t\t\t\t\t\t\t<\/div>\n\t\t\t\t\t\t\t\t\t\t\t<div class=\"swiper-slide\" role=\"group\" aria-roledescription=\"slide\">\n\t\t\t\t\t\t\t\t\t<div class=\"elementor-carousel-image\" role=\"img\" aria-label=\"kepa-357_0-518x345\" style=\"background-image: url(&#039;https:\/\/turboactiv.ba\/wp-content\/uploads\/2020\/05\/kepa-357_0-518x345-1.jpg&#039;)\">\n\n\t\t\t\n\t\t\t\t\t<\/div>\n\t\t\t\t\t\t\t\t<\/div>\n\t\t\t\t\t\t\t\t\t<\/div>\n\t\t\t\t\t\t\t\t\t\t\t\t\t\t\t<div class=\"elementor-swiper-button elementor-swiper-button-prev\" role=\"button\" tabindex=\"0\" aria-label=\"Previous\">\n\t\t\t\t\t\t\t<i aria-hidden=\"true\" class=\"eicon-chevron-left\"><\/i>\t\t\t\t\t\t<\/div>\n\t\t\t\t\t\t<div class=\"elementor-swiper-button elementor-swiper-button-next\" role=\"button\" tabindex=\"0\" aria-label=\"Next\">\n\t\t\t\t\t\t\t<i aria-hidden=\"true\" class=\"eicon-chevron-right\"><\/i>\t\t\t\t\t\t<\/div>\n\t\t\t\t\t\t\t\t\t\t\t\t\t\t\t\t\t<\/div>\n\t\t\t\t<\/div>\n\t\t\t\t\t\t\t\t<div class=\"elementor-swiper\">\n\t\t\t\t\t<div class=\"elementor-main-swiper swiper elementor-thumbnails-swiper swiper\" role=\"region region\" aria-roledescription=\"carousel carousel\" aria-label=\"Slides Slides\">\n\t\t\t\t<div class=\"swiper-wrapper\">\n\t\t\t\t\t\t\t\t\t\t\t<div class=\"swiper-slide\" role=\"group\" aria-roledescription=\"slide\">\n\t\t\t\t\t\t\t\t\t<div class=\"elementor-carousel-image\" role=\"img\" aria-label=\"balancing-machine-with-automatic-mass-correction-506x345\" style=\"background-image: url(&#039;https:\/\/turboactiv.ba\/wp-content\/uploads\/2020\/05\/balancing-machine-with-automatic-mass-correction-506x345-1.png&#039;)\">\n\n\t\t\t\n\t\t\t\t\t<\/div>\n\t\t\t\t\t\t\t\t<\/div>\n\t\t\t\t\t\t\t\t\t\t\t<div class=\"swiper-slide\" role=\"group\" aria-roledescription=\"slide\">\n\t\t\t\t\t\t\t\t\t<div class=\"elementor-carousel-image\" role=\"img\" aria-label=\"balancing-machines-for-tools-and-tool-holders-1-551x345\" style=\"background-image: url(&#039;https:\/\/turboactiv.ba\/wp-content\/uploads\/2020\/05\/balancing-machines-for-tools-and-tool-holders-1-551x345-1.jpg&#039;)\">\n\n\t\t\t\n\t\t\t\t\t<\/div>\n\t\t\t\t\t\t\t\t<\/div>\n\t\t\t\t\t\t\t\t\t\t\t<div class=\"swiper-slide\" role=\"group\" aria-roledescription=\"slide\">\n\t\t\t\t\t\t\t\t\t<div class=\"elementor-carousel-image\" role=\"img\" aria-label=\"balancing-machines-for-tools-and-tool-holders-2-551x345\" style=\"background-image: url(&#039;https:\/\/turboactiv.ba\/wp-content\/uploads\/2020\/05\/balancing-machines-for-tools-and-tool-holders-2-551x345-1.jpg&#039;)\">\n\n\t\t\t\n\t\t\t\t\t<\/div>\n\t\t\t\t\t\t\t\t<\/div>\n\t\t\t\t\t\t\t\t\t\t\t<div class=\"swiper-slide\" role=\"group\" aria-roledescription=\"slide\">\n\t\t\t\t\t\t\t\t\t<div class=\"elementor-carousel-image\" role=\"img\" aria-label=\"balancing-machines-for-tools-and-tool-holders-3-551x345\" style=\"background-image: url(&#039;https:\/\/turboactiv.ba\/wp-content\/uploads\/2020\/05\/balancing-machines-for-tools-and-tool-holders-3-551x345-1.jpg&#039;)\">\n\n\t\t\t\n\t\t\t\t\t<\/div>\n\t\t\t\t\t\t\t\t<\/div>\n\t\t\t\t\t\t\t\t\t\t\t<div class=\"swiper-slide\" role=\"group\" aria-roledescription=\"slide\">\n\t\t\t\t\t\t\t\t\t<div class=\"elementor-carousel-image\" role=\"img\" aria-label=\"kepa-350_0-518x345\" style=\"background-image: url(&#039;https:\/\/turboactiv.ba\/wp-content\/uploads\/2020\/05\/kepa-350_0-518x345-1.jpg&#039;)\">\n\n\t\t\t\n\t\t\t\t\t<\/div>\n\t\t\t\t\t\t\t\t<\/div>\n\t\t\t\t\t\t\t\t\t\t\t<div class=\"swiper-slide\" role=\"group\" aria-roledescription=\"slide\">\n\t\t\t\t\t\t\t\t\t<div class=\"elementor-carousel-image\" role=\"img\" aria-label=\"kepa-357_0-518x345\" style=\"background-image: url(&#039;https:\/\/turboactiv.ba\/wp-content\/uploads\/2020\/05\/kepa-357_0-518x345-1.jpg&#039;)\">\n\n\t\t\t\n\t\t\t\t\t<\/div>\n\t\t\t\t\t\t\t\t<\/div>\n\t\t\t\t\t\t\t\t\t<\/div>\n\t\t\t\t\t\t\t\t\t\t\t\t\t\t\t\t\t\t\t\t\t<\/div>\n\t\t\t\t<\/div>\n\t\t\t\t\t\t\t\t<\/div>\n\t\t\t\t<\/div>\n\t\t\t\t\t<\/div>\n\t\t<\/div>\n\t\t\t\t<div class=\"elementor-column elementor-col-50 elementor-top-column elementor-element elementor-element-8c22ee5\" data-id=\"8c22ee5\" data-element_type=\"column\" data-e-type=\"column\" data-settings=\"{&quot;background_background&quot;:&quot;classic&quot;}\">\n\t\t\t<div class=\"elementor-widget-wrap elementor-element-populated\">\n\t\t\t\t\t\t<div class=\"elementor-element elementor-element-53af8c5 elementor-widget elementor-widget-heading\" data-id=\"53af8c5\" data-element_type=\"widget\" data-e-type=\"widget\" data-widget_type=\"heading.default\">\n\t\t\t\t<div class=\"elementor-widget-container\">\n\t\t\t\t\t<h1 class=\"elementor-heading-title elementor-size-default\">VERTIKALNI BALANSIRANI STROJEVI ZA ALATE I Dr\u017ea\u010de alata<\/h1>\t\t\t\t<\/div>\n\t\t\t\t<\/div>\n\t\t\t\t<div class=\"elementor-element elementor-element-b6325ed elementor-widget elementor-widget-text-editor\" data-id=\"b6325ed\" data-element_type=\"widget\" data-e-type=\"widget\" data-widget_type=\"text-editor.default\">\n\t\t\t\t<div class=\"elementor-widget-container\">\n\t\t\t\t\t\t\t\t\t<p>U CIMAT-u nudimo \u0161irok spektar na\u0161ih vertikalnih ma\u0161ina za uravnote\u017eenje alata i dr\u017ea\u010da alata. Kao specijalni proizvo\u0111a\u010d balansiranja izra\u0111ujemo i prilago\u0111ene vertikalne ma\u0161ine za balansiranje alata i dr\u017ea\u010da alata koji rade na velikim brzinama.<\/p>\t\t\t\t\t\t\t\t<\/div>\n\t\t\t\t<\/div>\n\t\t\t\t<div class=\"elementor-element elementor-element-20a1378 elementor-mobile-align-center elementor-widget elementor-widget-button\" data-id=\"20a1378\" data-element_type=\"widget\" data-e-type=\"widget\" data-widget_type=\"button.default\">\n\t\t\t\t<div class=\"elementor-widget-container\">\n\t\t\t\t\t\t\t\t\t<div class=\"elementor-button-wrapper\">\n\t\t\t\t\t<a class=\"elementor-button elementor-button-link elementor-size-sm\" href=\"https:\/\/turboactiv.ba\/?page_id=14\">\n\t\t\t\t\t\t<span class=\"elementor-button-content-wrapper\">\n\t\t\t\t\t\t\t\t\t<span class=\"elementor-button-text\">Kontakt<\/span>\n\t\t\t\t\t<\/span>\n\t\t\t\t\t<\/a>\n\t\t\t\t<\/div>\n\t\t\t\t\t\t\t\t<\/div>\n\t\t\t\t<\/div>\n\t\t\t\t\t<\/div>\n\t\t<\/div>\n\t\t\t\t\t<\/div>\n\t\t<\/section>\n\t\t\t\t<section class=\"elementor-section elementor-top-section elementor-element elementor-element-fa14e0b elementor-section-boxed elementor-section-height-default elementor-section-height-default\" data-id=\"fa14e0b\" data-element_type=\"section\" data-e-type=\"section\">\n\t\t\t\t\t\t<div class=\"elementor-container elementor-column-gap-default\">\n\t\t\t\t\t<div class=\"elementor-column elementor-col-100 elementor-top-column elementor-element elementor-element-780b4e0\" data-id=\"780b4e0\" data-element_type=\"column\" data-e-type=\"column\">\n\t\t\t<div class=\"elementor-widget-wrap elementor-element-populated\">\n\t\t\t\t\t\t<div class=\"elementor-element elementor-element-c718fa8 elementor-widget elementor-widget-eael-adv-tabs\" data-id=\"c718fa8\" data-element_type=\"widget\" data-e-type=\"widget\" data-widget_type=\"eael-adv-tabs.default\">\n\t\t\t\t<div class=\"elementor-widget-container\">\n\t\t\t\t\t        <div data-scroll-on-click=\"no\" data-scroll-speed=\"300\" id=\"eael-advance-tabs-c718fa8\" class=\"eael-advance-tabs eael-tabs-horizontal eael-tab-auto-active \" data-tabid=\"c718fa8\">\n            <div class=\"eael-tabs-nav \">\n                <ul class=\"\" role=\"tablist\">\n                                            <li id=\"detalji\" class=\"inactive eael-tab-item-trigger eael-tab-nav-item\" aria-selected=\"true\" data-tab=\"1\" role=\"tab\" tabindex=\"0\" aria-controls=\"detalji-tab\" aria-expanded=\"false\">\n                            \n                            \n                            \n                                                            <span class=\"eael-tab-title title-after-icon\" >Detalji<\/span>                                                    <\/li>\n                                            <li id=\"tehnike-specifikacije\" class=\" eael-tab-item-trigger eael-tab-nav-item\" aria-selected=\"false\" data-tab=\"2\" role=\"tab\" tabindex=\"-1\" aria-controls=\"tehnike-specifikacije-tab\" aria-expanded=\"false\">\n                            \n                            \n                            \n                                                            <span class=\"eael-tab-title title-after-icon\" >Tehni\u010dke specifikacije<\/span>                                                    <\/li>\n                                            <li id=\"video\" class=\" eael-tab-item-trigger eael-tab-nav-item\" aria-selected=\"false\" data-tab=\"3\" role=\"tab\" tabindex=\"-1\" aria-controls=\"video-tab\" aria-expanded=\"false\">\n                            \n                            \n                            \n                                                            <span class=\"eael-tab-title title-after-icon\" >Video<\/span>                                                    <\/li>\n                    \n                                  <\/ul>\n            <\/div>\n            \n            <div class=\"eael-tabs-content\">\n\t\t        \n                    <div id=\"detalji-tab\" class=\"clearfix eael-tab-content-item inactive\" data-title-link=\"detalji-tab\">\n\t\t\t\t        <p>U CIMAT-u nudimo \u0161irok spektar vertikalnih ma\u0161ina za balansiranje alata i dr\u017ea\u010da alata. Kao specijalizovani proizvo\u0111a\u010d, tako\u0111er izra\u0111ujemo prilago\u0111ene strojeve za vertikalno uravnote\u017eenje alata i dr\u017ea\u010da alata koji rade na velikim brzinama. Na\u0161i balansi su izuzetno precizni i poma\u017eu u pru\u017eanju visokokvalitetne obrade metala.\n<br \/>\nNeuravnote\u017eeni alati ili dr\u017ea\u010di alata dovode do opasnih vibracija, zveckanja i lo\u0161eg kvaliteta povr\u0161ine. Stoga ugradimo najnoviju provjerenu tehnologiju i pru\u017eamo nenadma\u0161nu preciznost i ponovljivost i br\u017ee rezultate od uporedivih strojeva na tr\u017ei\u0161tu.<\/p>\n\n<h4>Prednosti<\/h4>\n\n<ul style=\"list-style-type: circle\">\n<li>Kompatibilna Direktiva o strojevima 2006\/42 \/ EC.<\/li>\n<li>Na raspolaganju su prilago\u0111eni balansi.<\/li>\n<li>Posebni prilagodnici za uravnote\u017eenje kako bi se uklopili ISO, HSK, CAT ili drugi dr\u017ea\u010di alata.<\/li>\n<li>Najnovija mjerno-upravlja\u010dka jedinica ROTORTEST.<\/li>\n<li>Vrste korekcije mase: glodanje, bu\u0161enje, bru\u0161enje, bu\u0161enje, zavarivanje, dodavanje balansnih utega itd.<\/li>\n<li>Sigurnosne norme su u skladu sa ISO 21940-23: 2012 (stari ISO 7475 i DIN 45690).<\/li>\n<li>Izvje\u0161taji o uravnote\u017eenju spremaju se u obliku PDF, CSV ili XLS, ispisuju na ugra\u0111enom pisa\u010du ili \u0161alju ERP sistemu putem Etherneta.<\/li>\n<\/ul>\n                    <\/div>\n\t\t        \n                    <div id=\"tehnike-specifikacije-tab\" class=\"clearfix eael-tab-content-item \" data-title-link=\"tehnike-specifikacije-tab\">\n\t\t\t\t        <p>Sljede\u0107i parametri su standardni i mogu se mijenjati na zahtjev. Na raspolaganju su prilago\u0111eni strojevi.<\/p>\n<table style=\"border-collapse: collapse;width: 100%\">\n<tbody>\n<tr>\n<th>MODEL<\/th>\n<th>CMT-15 V2N<\/th>\n<th>CMT-30 V2N<\/th>\n<th>CMT-15 V2FW<\/th>\n<th>CMT-30 V2FW<\/th>\n<\/tr>\n<tr>\n<td>Maksimalna te\u017eina radnog komada<\/td>\n<td>15 kg<\/td>\n<td>30 kg<\/td>\n<td>15 kg<\/td>\n<td>30 kg<\/td>\n<\/tr>\n<tr>\n<td>Maksimalni pre\u010dnik radnog komada<\/td>\n<td>450 mm<\/td>\n<td>450 mm<\/td>\n<td>450 mm<\/td>\n<td>450 mm<\/td>\n<\/tr>\n<tr>\n<td>Maksimalna du\u017eina alata<\/td>\n<td>600 mm<\/td>\n<td>600 mm<\/td>\n<td>600 mm<\/td>\n<td>600 mm<\/td>\n<\/tr>\n<tr>\n<td>Potrebni pritisak zraka<\/td>\n<td>0,6 MPa<\/td>\n<td>0,6 MPa<\/td>\n<td>0,6 MPa<\/td>\n<td>0,6 MPa<\/td>\n<\/tr>\n<tr>\n<td>Ispravka na stanici<\/td>\n<td>Nije primjenjivo<\/td>\n<td>Nije primjenjivo<\/td>\n<td>Automatsko bu\u0161enje i glodanje<\/td>\n<td>Automatsko bu\u0161enje i glodanje<\/td>\n<\/tr>\n\n<\/tbody>\n<\/table>\n                    <\/div>\n\t\t        \n                    <div id=\"video-tab\" class=\"clearfix eael-tab-content-item \" data-title-link=\"video-tab\">\n\t\t\t\t                            <\/div>\n\t\t                    <\/div>\n        <\/div>\n\t\t\t\t<\/div>\n\t\t\t\t<\/div>\n\t\t\t\t\t<\/div>\n\t\t<\/div>\n\t\t\t\t\t<\/div>\n\t\t<\/section>\n\t\t\t\t<\/div>\n\t\t","protected":false},"excerpt":{"rendered":"<p>Previous Next VERTIKALNI BALANSIRANI STROJEVI ZA ALATE I Dr\u017ea\u010de alata U CIMAT-u nudimo \u0161irok spektar na\u0161ih vertikalnih ma\u0161ina za uravnote\u017eenje alata i dr\u017ea\u010da alata. Kao specijalni proizvo\u0111a\u010d balansiranja izra\u0111ujemo i prilago\u0111ene vertikalne ma\u0161ine za balansiranje alata i dr\u017ea\u010da alata koji rade na velikim brzinama. Kontakt Detalji Tehni\u010dke specifikacije Video U CIMAT-u nudimo \u0161irok spektar vertikalnih&hellip;&nbsp;<a href=\"https:\/\/turboactiv.ba\/?page_id=1006\" rel=\"bookmark\"><span class=\"screen-reader-text\">Vertikalni balansirani strojevi za alate i dr\u017ea\u010de alata<\/span><\/a><\/p>\n","protected":false},"author":2,"featured_media":0,"parent":0,"menu_order":0,"comment_status":"closed","ping_status":"closed","template":"page-templates\/template-pagebuilder-full-width.php","meta":{"neve_meta_sidebar":"full-width","neve_meta_container":"","neve_meta_enable_content_width":"on","neve_meta_content_width":100,"neve_meta_title_alignment":"","neve_meta_author_avatar":"","neve_post_elements_order":"","neve_meta_disable_header":"","neve_meta_disable_footer":"","neve_meta_disable_title":"","footnotes":""},"class_list":["post-1006","page","type-page","status-publish","hentry"],"yoast_head":"<!-- This site is optimized with the Yoast SEO plugin v25.3 - https:\/\/yoast.com\/wordpress\/plugins\/seo\/ -->\n<title>Vertikalni balansirani strojevi za alate i dr\u017ea\u010de alata - Turboactiv<\/title>\n<meta name=\"robots\" content=\"index, follow, max-snippet:-1, max-image-preview:large, max-video-preview:-1\" \/>\n<link rel=\"canonical\" href=\"https:\/\/turboactiv.ba\/?page_id=1006\" \/>\n<meta property=\"og:locale\" content=\"bs_BA\" \/>\n<meta property=\"og:type\" content=\"article\" \/>\n<meta property=\"og:title\" content=\"Vertikalni balansirani strojevi za alate i dr\u017ea\u010de alata - Turboactiv\" \/>\n<meta property=\"og:description\" content=\"Previous Next VERTIKALNI BALANSIRANI STROJEVI ZA ALATE I Dr\u017ea\u010de alata U CIMAT-u nudimo \u0161irok spektar na\u0161ih vertikalnih ma\u0161ina za uravnote\u017eenje alata i dr\u017ea\u010da alata. Kao specijalni proizvo\u0111a\u010d balansiranja izra\u0111ujemo i prilago\u0111ene vertikalne ma\u0161ine za balansiranje alata i dr\u017ea\u010da alata koji rade na velikim brzinama. Kontakt Detalji Tehni\u010dke specifikacije Video U CIMAT-u nudimo \u0161irok spektar vertikalnih&hellip;&nbsp;Vertikalni balansirani strojevi za alate i dr\u017ea\u010de alata\" \/>\n<meta property=\"og:url\" content=\"https:\/\/turboactiv.ba\/?page_id=1006\" \/>\n<meta property=\"og:site_name\" content=\"Turboactiv\" \/>\n<meta property=\"article:publisher\" content=\"https:\/\/www.facebook.com\/turboactiv\" \/>\n<meta property=\"article:modified_time\" content=\"2021-01-09T09:17:13+00:00\" \/>\n<meta name=\"twitter:card\" content=\"summary_large_image\" \/>\n<meta name=\"twitter:label1\" content=\"Est. reading time\" \/>\n\t<meta name=\"twitter:data1\" content=\"2 minute\" \/>\n<script type=\"application\/ld+json\" class=\"yoast-schema-graph\">{\"@context\":\"https:\/\/schema.org\",\"@graph\":[{\"@type\":\"WebPage\",\"@id\":\"https:\/\/turboactiv.ba\/?page_id=1006\",\"url\":\"https:\/\/turboactiv.ba\/?page_id=1006\",\"name\":\"Vertikalni balansirani strojevi za alate i dr\u017ea\u010de alata - Turboactiv\",\"isPartOf\":{\"@id\":\"https:\/\/turboactiv.ba\/#website\"},\"datePublished\":\"2020-05-18T16:19:14+00:00\",\"dateModified\":\"2021-01-09T09:17:13+00:00\",\"breadcrumb\":{\"@id\":\"https:\/\/turboactiv.ba\/?page_id=1006#breadcrumb\"},\"inLanguage\":\"bs-BA\",\"potentialAction\":[{\"@type\":\"ReadAction\",\"target\":[\"https:\/\/turboactiv.ba\/?page_id=1006\"]}]},{\"@type\":\"BreadcrumbList\",\"@id\":\"https:\/\/turboactiv.ba\/?page_id=1006#breadcrumb\",\"itemListElement\":[{\"@type\":\"ListItem\",\"position\":1,\"name\":\"Home\",\"item\":\"https:\/\/turboactiv.ba\/\"},{\"@type\":\"ListItem\",\"position\":2,\"name\":\"Vertikalni balansirani strojevi za alate i dr\u017ea\u010de alata\"}]},{\"@type\":\"WebSite\",\"@id\":\"https:\/\/turboactiv.ba\/#website\",\"url\":\"https:\/\/turboactiv.ba\/\",\"name\":\"Turboactiv\",\"description\":\"Reparacija turbina i injektora\",\"publisher\":{\"@id\":\"https:\/\/turboactiv.ba\/#organization\"},\"potentialAction\":[{\"@type\":\"SearchAction\",\"target\":{\"@type\":\"EntryPoint\",\"urlTemplate\":\"https:\/\/turboactiv.ba\/?s={search_term_string}\"},\"query-input\":{\"@type\":\"PropertyValueSpecification\",\"valueRequired\":true,\"valueName\":\"search_term_string\"}}],\"inLanguage\":\"bs-BA\"},{\"@type\":\"Organization\",\"@id\":\"https:\/\/turboactiv.ba\/#organization\",\"name\":\"Turboactiv d.o.o.\",\"url\":\"https:\/\/turboactiv.ba\/\",\"logo\":{\"@type\":\"ImageObject\",\"inLanguage\":\"bs-BA\",\"@id\":\"https:\/\/turboactiv.ba\/#\/schema\/logo\/image\/\",\"url\":\"https:\/\/turboactiv.ba\/wp-content\/uploads\/2020\/02\/logo_350_turboactiv.png\",\"contentUrl\":\"https:\/\/turboactiv.ba\/wp-content\/uploads\/2020\/02\/logo_350_turboactiv.png\",\"width\":350,\"height\":72,\"caption\":\"Turboactiv d.o.o.\"},\"image\":{\"@id\":\"https:\/\/turboactiv.ba\/#\/schema\/logo\/image\/\"},\"sameAs\":[\"https:\/\/www.facebook.com\/turboactiv\",\"https:\/\/www.instagram.com\/turboactiv.ba\/\"]}]}<\/script>\n<!-- \/ Yoast SEO plugin. -->","yoast_head_json":{"title":"Vertikalni balansirani strojevi za alate i dr\u017ea\u010de alata - Turboactiv","robots":{"index":"index","follow":"follow","max-snippet":"max-snippet:-1","max-image-preview":"max-image-preview:large","max-video-preview":"max-video-preview:-1"},"canonical":"https:\/\/turboactiv.ba\/?page_id=1006","og_locale":"bs_BA","og_type":"article","og_title":"Vertikalni balansirani strojevi za alate i dr\u017ea\u010de alata - Turboactiv","og_description":"Previous Next VERTIKALNI BALANSIRANI STROJEVI ZA ALATE I Dr\u017ea\u010de alata U CIMAT-u nudimo \u0161irok spektar na\u0161ih vertikalnih ma\u0161ina za uravnote\u017eenje alata i dr\u017ea\u010da alata. Kao specijalni proizvo\u0111a\u010d balansiranja izra\u0111ujemo i prilago\u0111ene vertikalne ma\u0161ine za balansiranje alata i dr\u017ea\u010da alata koji rade na velikim brzinama. Kontakt Detalji Tehni\u010dke specifikacije Video U CIMAT-u nudimo \u0161irok spektar vertikalnih&hellip;&nbsp;Vertikalni balansirani strojevi za alate i dr\u017ea\u010de alata","og_url":"https:\/\/turboactiv.ba\/?page_id=1006","og_site_name":"Turboactiv","article_publisher":"https:\/\/www.facebook.com\/turboactiv","article_modified_time":"2021-01-09T09:17:13+00:00","twitter_card":"summary_large_image","twitter_misc":{"Est. reading time":"2 minute"},"schema":{"@context":"https:\/\/schema.org","@graph":[{"@type":"WebPage","@id":"https:\/\/turboactiv.ba\/?page_id=1006","url":"https:\/\/turboactiv.ba\/?page_id=1006","name":"Vertikalni balansirani strojevi za alate i dr\u017ea\u010de alata - Turboactiv","isPartOf":{"@id":"https:\/\/turboactiv.ba\/#website"},"datePublished":"2020-05-18T16:19:14+00:00","dateModified":"2021-01-09T09:17:13+00:00","breadcrumb":{"@id":"https:\/\/turboactiv.ba\/?page_id=1006#breadcrumb"},"inLanguage":"bs-BA","potentialAction":[{"@type":"ReadAction","target":["https:\/\/turboactiv.ba\/?page_id=1006"]}]},{"@type":"BreadcrumbList","@id":"https:\/\/turboactiv.ba\/?page_id=1006#breadcrumb","itemListElement":[{"@type":"ListItem","position":1,"name":"Home","item":"https:\/\/turboactiv.ba\/"},{"@type":"ListItem","position":2,"name":"Vertikalni balansirani strojevi za alate i dr\u017ea\u010de alata"}]},{"@type":"WebSite","@id":"https:\/\/turboactiv.ba\/#website","url":"https:\/\/turboactiv.ba\/","name":"Turboactiv","description":"Reparacija turbina i injektora","publisher":{"@id":"https:\/\/turboactiv.ba\/#organization"},"potentialAction":[{"@type":"SearchAction","target":{"@type":"EntryPoint","urlTemplate":"https:\/\/turboactiv.ba\/?s={search_term_string}"},"query-input":{"@type":"PropertyValueSpecification","valueRequired":true,"valueName":"search_term_string"}}],"inLanguage":"bs-BA"},{"@type":"Organization","@id":"https:\/\/turboactiv.ba\/#organization","name":"Turboactiv d.o.o.","url":"https:\/\/turboactiv.ba\/","logo":{"@type":"ImageObject","inLanguage":"bs-BA","@id":"https:\/\/turboactiv.ba\/#\/schema\/logo\/image\/","url":"https:\/\/turboactiv.ba\/wp-content\/uploads\/2020\/02\/logo_350_turboactiv.png","contentUrl":"https:\/\/turboactiv.ba\/wp-content\/uploads\/2020\/02\/logo_350_turboactiv.png","width":350,"height":72,"caption":"Turboactiv d.o.o."},"image":{"@id":"https:\/\/turboactiv.ba\/#\/schema\/logo\/image\/"},"sameAs":["https:\/\/www.facebook.com\/turboactiv","https:\/\/www.instagram.com\/turboactiv.ba\/"]}]}},"_links":{"self":[{"href":"https:\/\/turboactiv.ba\/index.php?rest_route=\/wp\/v2\/pages\/1006","targetHints":{"allow":["GET"]}}],"collection":[{"href":"https:\/\/turboactiv.ba\/index.php?rest_route=\/wp\/v2\/pages"}],"about":[{"href":"https:\/\/turboactiv.ba\/index.php?rest_route=\/wp\/v2\/types\/page"}],"author":[{"embeddable":true,"href":"https:\/\/turboactiv.ba\/index.php?rest_route=\/wp\/v2\/users\/2"}],"replies":[{"embeddable":true,"href":"https:\/\/turboactiv.ba\/index.php?rest_route=%2Fwp%2Fv2%2Fcomments&post=1006"}],"version-history":[{"count":7,"href":"https:\/\/turboactiv.ba\/index.php?rest_route=\/wp\/v2\/pages\/1006\/revisions"}],"predecessor-version":[{"id":1275,"href":"https:\/\/turboactiv.ba\/index.php?rest_route=\/wp\/v2\/pages\/1006\/revisions\/1275"}],"wp:attachment":[{"href":"https:\/\/turboactiv.ba\/index.php?rest_route=%2Fwp%2Fv2%2Fmedia&parent=1006"}],"curies":[{"name":"wp","href":"https:\/\/api.w.org\/{rel}","templated":true}]}}